{"id":592,"date":"2024-08-15T10:10:05","date_gmt":"2024-08-15T08:10:05","guid":{"rendered":"https:\/\/le-caillou.le-pic.org\/?page_id=592"},"modified":"2026-01-29T15:32:38","modified_gmt":"2026-01-29T14:32:38","slug":"association-le-caillou","status":"publish","type":"page","link":"https:\/\/le-caillou.le-pic.org\/","title":{"rendered":"l&rsquo;asso."},"content":{"rendered":"<div class=\"wp-block-image\">\n<figure class=\"aligncenter size-full is-resized\"><img loading=\"lazy\" decoding=\"async\" width=\"800\" height=\"600\" src=\"https:\/\/le-caillou.le-pic.org\/wp-content\/uploads\/2025\/11\/essai-carte01.png\" alt=\"\" class=\"wp-image-1862\" style=\"width:524px;height:auto\" srcset=\"https:\/\/le-caillou.le-pic.org\/wp-content\/uploads\/2025\/11\/essai-carte01.png 800w, https:\/\/le-caillou.le-pic.org\/wp-content\/uploads\/2025\/11\/essai-carte01-300x225.png 300w, https:\/\/le-caillou.le-pic.org\/wp-content\/uploads\/2025\/11\/essai-carte01-768x576.png 768w\" sizes=\"auto, (max-width: 800px) 100vw, 800px\" \/><\/figure>\n<\/div>\n\n\n<p class=\"wp-block-paragraph\"><strong><em>Le caillou, est une association de loi 1901, d\u00e9clar\u00e9 \u00e0 la pr\u00e9fecture de la Haute Garonne.<br>L&rsquo; association est cr\u00e9e et anim\u00e9e par Gudrun Schwenk, aquarelliste et Grelaud Maurice, sculpteur<br>Nous proposons des stages d\u2019initiation , modelage, technique du moule \u00e0 pi\u00e8ce, technique d&rsquo;aquarelle, crochet et tricot.<\/em><\/strong><br><\/p>\n\n\n\n<p class=\"wp-block-paragraph\"><\/p>\n\n\n\n<h2 class=\"wp-block-heading\">L&rsquo;atelier<\/h2>\n\n\n<div class=\"wp-block-image\">\n<figure class=\"aligncenter size-full\"><img loading=\"lazy\" decoding=\"async\" width=\"600\" height=\"400\" src=\"https:\/\/le-caillou.le-pic.org\/wp-content\/uploads\/2024\/07\/atelier01.jpg\" alt=\"\" class=\"wp-image-383\" srcset=\"https:\/\/le-caillou.le-pic.org\/wp-content\/uploads\/2024\/07\/atelier01.jpg 600w, https:\/\/le-caillou.le-pic.org\/wp-content\/uploads\/2024\/07\/atelier01-300x200.jpg 300w\" sizes=\"auto, (max-width: 600px) 100vw, 600px\" \/><figcaption class=\"wp-element-caption\"><strong>atelier <\/strong><\/figcaption><\/figure>\n<\/div>\n\n\n<figure class=\"wp-block-image size-full is-resized\"><img loading=\"lazy\" decoding=\"async\" width=\"600\" height=\"450\" src=\"https:\/\/le-caillou.le-pic.org\/wp-content\/uploads\/2024\/07\/atelier03.jpg\" alt=\"\" class=\"wp-image-385\" style=\"width:670px;height:auto\" srcset=\"https:\/\/le-caillou.le-pic.org\/wp-content\/uploads\/2024\/07\/atelier03.jpg 600w, https:\/\/le-caillou.le-pic.org\/wp-content\/uploads\/2024\/07\/atelier03-300x225.jpg 300w\" sizes=\"auto, (max-width: 600px) 100vw, 600px\" \/><figcaption class=\"wp-element-caption\"><strong>atelier terre-cuite<\/strong><\/figcaption><\/figure>\n\n\n<div class=\"wp-block-image\">\n<figure class=\"aligncenter size-full is-resized\"><a href=\"https:\/\/le-caillou.le-pic.org\/wp-content\/uploads\/2024\/12\/ATEL_1.jpg\"><img loading=\"lazy\" decoding=\"async\" width=\"974\" height=\"530\" src=\"https:\/\/le-caillou.le-pic.org\/wp-content\/uploads\/2024\/12\/ATEL_1.jpg\" alt=\"\" class=\"wp-image-1630\" style=\"width:652px;height:auto\" srcset=\"https:\/\/le-caillou.le-pic.org\/wp-content\/uploads\/2024\/12\/ATEL_1.jpg 974w, https:\/\/le-caillou.le-pic.org\/wp-content\/uploads\/2024\/12\/ATEL_1-300x163.jpg 300w, https:\/\/le-caillou.le-pic.org\/wp-content\/uploads\/2024\/12\/ATEL_1-768x418.jpg 768w\" sizes=\"auto, (max-width: 974px) 100vw, 974px\" \/><\/a><figcaption class=\"wp-element-caption\"><strong>Notre Atelier<\/strong> <\/figcaption><\/figure>\n<\/div>\n\n\n<p class=\"wp-block-paragraph\"><\/p>\n\n\n<div class=\"wp-block-image\">\n<figure class=\"aligncenter size-full\"><img loading=\"lazy\" decoding=\"async\" width=\"223\" height=\"72\" src=\"https:\/\/le-caillou.le-pic.org\/wp-content\/uploads\/2024\/11\/lapresse.png\" alt=\"\" class=\"wp-image-1512\"\/><\/figure>\n<\/div>\n\n<div class=\"wp-block-image\">\n<figure class=\"aligncenter size-large\"><a href=\"https:\/\/le-caillou.le-pic.org\/wp-content\/uploads\/2024\/11\/expos.jpg\"><img loading=\"lazy\" decoding=\"async\" width=\"1024\" height=\"576\" src=\"https:\/\/le-caillou.le-pic.org\/wp-content\/uploads\/2024\/11\/expos-1024x576.jpg\" alt=\"\" class=\"wp-image-1509\" srcset=\"https:\/\/le-caillou.le-pic.org\/wp-content\/uploads\/2024\/11\/expos-1024x576.jpg 1024w, https:\/\/le-caillou.le-pic.org\/wp-content\/uploads\/2024\/11\/expos-300x169.jpg 300w, https:\/\/le-caillou.le-pic.org\/wp-content\/uploads\/2024\/11\/expos-768x432.jpg 768w, https:\/\/le-caillou.le-pic.org\/wp-content\/uploads\/2024\/11\/expos-1536x864.jpg 1536w, https:\/\/le-caillou.le-pic.org\/wp-content\/uploads\/2024\/11\/expos.jpg 1920w\" sizes=\"auto, (max-width: 1024px) 100vw, 1024px\" \/><\/a><\/figure>\n<\/div>\n\n\n<p class=\"wp-block-paragraph\"><\/p>\n\n\n\n<p class=\"wp-block-paragraph\"><\/p>\n\n\n<div class=\"wp-block-image\">\n<figure class=\"alignright size-full is-resized\"><img loading=\"lazy\" decoding=\"async\" width=\"413\" height=\"694\" src=\"https:\/\/le-caillou.le-pic.org\/wp-content\/uploads\/2024\/10\/regardeurgauche.jpg\" alt=\"\" class=\"wp-image-1074\" style=\"width:205px;height:auto\" srcset=\"https:\/\/le-caillou.le-pic.org\/wp-content\/uploads\/2024\/10\/regardeurgauche.jpg 413w, https:\/\/le-caillou.le-pic.org\/wp-content\/uploads\/2024\/10\/regardeurgauche-179x300.jpg 179w\" sizes=\"auto, (max-width: 413px) 100vw, 413px\" \/><\/figure>\n<\/div>\n\n\n<figure class=\"wp-block-image size-full is-resized\"><img loading=\"lazy\" decoding=\"async\" width=\"450\" height=\"549\" src=\"https:\/\/le-caillou.le-pic.org\/wp-content\/uploads\/2024\/10\/regardeur2.jpg\" alt=\"\" class=\"wp-image-1075\" style=\"width:277px;height:auto\" srcset=\"https:\/\/le-caillou.le-pic.org\/wp-content\/uploads\/2024\/10\/regardeur2.jpg 450w, https:\/\/le-caillou.le-pic.org\/wp-content\/uploads\/2024\/10\/regardeur2-246x300.jpg 246w\" sizes=\"auto, (max-width: 450px) 100vw, 450px\" \/><\/figure>\n","protected":false},"excerpt":{"rendered":"<p>Le caillou, est une association de loi 1901, d\u00e9clar\u00e9 \u00e0 la pr\u00e9fecture de la Haute Garonne.L&rsquo; association est cr\u00e9e et anim\u00e9e par Gudrun Schwenk, aquarelliste et Grelaud Maurice, sculpteurNous proposons des stages d\u2019initiation , modelage, technique du moule \u00e0 pi\u00e8ce, &hellip; <a href=\"https:\/\/le-caillou.le-pic.org\/\">Continuer la lecture <span class=\"meta-nav\">&rarr;<\/span><\/a><\/p>\n","protected":false},"author":3,"featured_media":0,"parent":0,"menu_order":0,"comment_status":"closed","ping_status":"closed","template":"","meta":{"_crdt_document":"","footnotes":""},"class_list":["post-592","page","type-page","status-publish","hentry"],"_links":{"self":[{"href":"https:\/\/le-caillou.le-pic.org\/index.php?rest_route=\/wp\/v2\/pages\/592","targetHints":{"allow":["GET"]}}],"collection":[{"href":"https:\/\/le-caillou.le-pic.org\/index.php?rest_route=\/wp\/v2\/pages"}],"about":[{"href":"https:\/\/le-caillou.le-pic.org\/index.php?rest_route=\/wp\/v2\/types\/page"}],"author":[{"embeddable":true,"href":"https:\/\/le-caillou.le-pic.org\/index.php?rest_route=\/wp\/v2\/users\/3"}],"replies":[{"embeddable":true,"href":"https:\/\/le-caillou.le-pic.org\/index.php?rest_route=%2Fwp%2Fv2%2Fcomments&post=592"}],"version-history":[{"count":52,"href":"https:\/\/le-caillou.le-pic.org\/index.php?rest_route=\/wp\/v2\/pages\/592\/revisions"}],"predecessor-version":[{"id":2030,"href":"https:\/\/le-caillou.le-pic.org\/index.php?rest_route=\/wp\/v2\/pages\/592\/revisions\/2030"}],"wp:attachment":[{"href":"https:\/\/le-caillou.le-pic.org\/index.php?rest_route=%2Fwp%2Fv2%2Fmedia&parent=592"}],"curies":[{"name":"wp","href":"https:\/\/api.w.org\/{rel}","templated":true}]}}